{"id":1418,"date":"2024-10-17T08:51:11","date_gmt":"2024-10-17T08:51:11","guid":{"rendered":"https:\/\/pherhverv.dk\/?page_id=1418"},"modified":"2024-11-03T08:47:57","modified_gmt":"2024-11-03T08:47:57","slug":"vurderings-rapporter","status":"publish","type":"page","link":"https:\/\/pherhverv.dk\/index.php\/vurderings-rapporter\/","title":{"rendered":"Vurderingsrapporter"},"content":{"rendered":"\t\t<div data-elementor-type=\"wp-page\" data-elementor-id=\"1418\" class=\"elementor elementor-1418\" data-elementor-post-type=\"page\">\n\t\t\t\t\t\t<section class=\"elementor-section elementor-top-section elementor-element elementor-element-94c5292 elementor-section-full_width elementor-section-height-min-height elementor-section-height-default elementor-section-items-middle\" data-id=\"94c5292\" data-element_type=\"section\">\n\t\t\t\t\t\t<div class=\"elementor-container elementor-column-gap-default\">\n\t\t\t\t\t<div class=\"elementor-column elementor-col-100 elementor-top-column elementor-element elementor-element-3607f20\" data-id=\"3607f20\" data-element_type=\"column\">\n\t\t\t<div class=\"elementor-widget-wrap elementor-element-populated\">\n\t\t\t\t\t\t<div class=\"elementor-element elementor-element-df9e822 elementor-widget elementor-widget-image\" data-id=\"df9e822\" data-element_type=\"widget\" data-widget_type=\"image.default\">\n\t\t\t\t<div class=\"elementor-widget-container\">\n\t\t\t\t\t\t\t\t\t\t\t\t\t\t\t<img fetchpriority=\"high\" decoding=\"async\" width=\"800\" height=\"587\" src=\"https:\/\/pherhverv.dk\/wp-content\/uploads\/2024\/10\/Vurderingsrapport-1-1024x751.jpg\" class=\"attachment-large size-large wp-image-1427\" alt=\"\" srcset=\"https:\/\/pherhverv.dk\/wp-content\/uploads\/2024\/10\/Vurderingsrapport-1-1024x751.jpg 1024w, https:\/\/pherhverv.dk\/wp-content\/uploads\/2024\/10\/Vurderingsrapport-1-300x220.jpg 300w, https:\/\/pherhverv.dk\/wp-content\/uploads\/2024\/10\/Vurderingsrapport-1-768x563.jpg 768w, https:\/\/pherhverv.dk\/wp-content\/uploads\/2024\/10\/Vurderingsrapport-1-1536x1127.jpg 1536w, https:\/\/pherhverv.dk\/wp-content\/uploads\/2024\/10\/Vurderingsrapport-1-2048x1503.jpg 2048w\" sizes=\"(max-width: 800px) 100vw, 800px\" \/>\t\t\t\t\t\t\t\t\t\t\t\t\t\t\t<\/div>\n\t\t\t\t<\/div>\n\t\t\t\t\t<\/div>\n\t\t<\/div>\n\t\t\t\t\t<\/div>\n\t\t<\/section>\n\t\t\t\t<section class=\"elementor-section elementor-top-section elementor-element elementor-element-6653238f elementor-section-full_width elementor-section-height-default elementor-section-height-default\" data-id=\"6653238f\" data-element_type=\"section\" data-settings=\"{&quot;background_background&quot;:&quot;classic&quot;}\">\n\t\t\t\t\t\t<div class=\"elementor-container elementor-column-gap-default\">\n\t\t\t\t\t<div class=\"elementor-column elementor-col-100 elementor-top-column elementor-element elementor-element-5be8ac97\" data-id=\"5be8ac97\" data-element_type=\"column\">\n\t\t\t<div class=\"elementor-widget-wrap\">\n\t\t\t\t\t\t\t<\/div>\n\t\t<\/div>\n\t\t\t\t\t<\/div>\n\t\t<\/section>\n\t\t\t\t<section class=\"elementor-section elementor-top-section elementor-element elementor-element-ba1e3a1 elementor-section-content-middle elementor-section-boxed elementor-section-height-default elementor-section-height-default\" data-id=\"ba1e3a1\" data-element_type=\"section\">\n\t\t\t\t\t\t<div class=\"elementor-container elementor-column-gap-no\">\n\t\t\t\t\t<div class=\"elementor-column elementor-col-50 elementor-top-column elementor-element elementor-element-4d0d9aba\" data-id=\"4d0d9aba\" data-element_type=\"column\">\n\t\t\t<div class=\"elementor-widget-wrap elementor-element-populated\">\n\t\t\t\t\t\t<div class=\"elementor-element elementor-element-2d7d594f elementor-widget elementor-widget-heading\" data-id=\"2d7d594f\" data-element_type=\"widget\" data-widget_type=\"heading.default\">\n\t\t\t\t<div class=\"elementor-widget-container\">\n\t\t\t\t\t<h4 class=\"elementor-heading-title elementor-size-default\">Vurderings-<br>rapporter<\/h4>\t\t\t\t<\/div>\n\t\t\t\t<\/div>\n\t\t\t\t\t<\/div>\n\t\t<\/div>\n\t\t\t\t<div class=\"elementor-column elementor-col-50 elementor-top-column elementor-element elementor-element-739d67b1\" data-id=\"739d67b1\" data-element_type=\"column\">\n\t\t\t<div class=\"elementor-widget-wrap elementor-element-populated\">\n\t\t\t\t\t\t<div class=\"elementor-element elementor-element-23e1e78b elementor-widget elementor-widget-text-editor\" data-id=\"23e1e78b\" data-element_type=\"widget\" data-widget_type=\"text-editor.default\">\n\t\t\t\t<div class=\"elementor-widget-container\">\n\t\t\t\t\t\t\t\t\t<p>PH Erhverv tilbyder udarbejdelse af detaljerede vurderingsrapporter for andelsboligforeninger, som sikrer en grundig og retvisende vurdering af andelens v\u00e6rdi. Vores vurdering omfatter forbedringer if\u00f8lge andelshaverens oplysninger, og vi gennemg\u00e5r her eventuelle fejl, mangler og vedligeholdelsesbehov samt vurderer det eventuelle l\u00f8s\u00f8re, der skal indg\u00e5 i handlen. Vi sikrer, at alle forbedringer bliver korrekt opgjort, og at forbedringsv\u00e6rdien nedskrives i henhold til andelsboligforeningens vedt\u00e6gter og retningslinjer.<\/p>\t\t\t\t\t\t\t\t<\/div>\n\t\t\t\t<\/div>\n\t\t\t\t\t<\/div>\n\t\t<\/div>\n\t\t\t\t\t<\/div>\n\t\t<\/section>\n\t\t\t\t<section class=\"elementor-section elementor-top-section elementor-element elementor-element-46815f5 elementor-section-content-middle elementor-section-boxed elementor-section-height-default elementor-section-height-default\" data-id=\"46815f5\" data-element_type=\"section\">\n\t\t\t\t\t\t<div class=\"elementor-container elementor-column-gap-no\">\n\t\t\t\t\t<div class=\"elementor-column elementor-col-50 elementor-top-column elementor-element elementor-element-6d5092d\" data-id=\"6d5092d\" data-element_type=\"column\">\n\t\t\t<div class=\"elementor-widget-wrap elementor-element-populated\">\n\t\t\t\t\t\t<div class=\"elementor-element elementor-element-5c13f03 elementor-widget elementor-widget-heading\" data-id=\"5c13f03\" data-element_type=\"widget\" data-widget_type=\"heading.default\">\n\t\t\t\t<div class=\"elementor-widget-container\">\n\t\t\t\t\t<h4 class=\"elementor-heading-title elementor-size-default\">Processen<\/h4>\t\t\t\t<\/div>\n\t\t\t\t<\/div>\n\t\t\t\t\t<\/div>\n\t\t<\/div>\n\t\t\t\t<div class=\"elementor-column elementor-col-50 elementor-top-column elementor-element elementor-element-53f4529\" data-id=\"53f4529\" data-element_type=\"column\" data-settings=\"{&quot;background_background&quot;:&quot;classic&quot;}\">\n\t\t\t<div class=\"elementor-widget-wrap elementor-element-populated\">\n\t\t\t\t\t\t<div class=\"elementor-element elementor-element-96ecf5d elementor-widget elementor-widget-text-editor\" data-id=\"96ecf5d\" data-element_type=\"widget\" data-widget_type=\"text-editor.default\">\n\t\t\t\t<div class=\"elementor-widget-container\">\n\t\t\t\t\t\t\t\t\t<p>Hele processen udf\u00f8res i overensstemmelse med \u00a75 i Lov om andelsboligforeninger, som fastl\u00e6gger de lovm\u00e6ssige krav til vurdering af forbedringer og afskrivninger. Vores erfaring og ekspertise inden for omr\u00e5det sikrer, at b\u00e5de andelshaver og k\u00f8ber f\u00e5r en retf\u00e6rdig og transparent vurdering, der stemmer overens med de g\u00e6ldende regler.<\/p>\t\t\t\t\t\t\t\t<\/div>\n\t\t\t\t<\/div>\n\t\t\t\t\t<\/div>\n\t\t<\/div>\n\t\t\t\t\t<\/div>\n\t\t<\/section>\n\t\t\t\t<section class=\"elementor-section elementor-top-section elementor-element elementor-element-3f6dfa61 elementor-section-content-middle elementor-section-boxed elementor-section-height-default elementor-section-height-default\" data-id=\"3f6dfa61\" data-element_type=\"section\">\n\t\t\t\t\t\t<div class=\"elementor-container elementor-column-gap-no\">\n\t\t\t\t\t<div class=\"elementor-column elementor-col-100 elementor-top-column elementor-element elementor-element-4d247bc0\" data-id=\"4d247bc0\" data-element_type=\"column\">\n\t\t\t<div class=\"elementor-widget-wrap elementor-element-populated\">\n\t\t\t\t\t\t<div class=\"elementor-element elementor-element-611ff25c elementor-widget elementor-widget-heading\" data-id=\"611ff25c\" data-element_type=\"widget\" data-widget_type=\"heading.default\">\n\t\t\t\t<div class=\"elementor-widget-container\">\n\t\t\t\t\t<h4 class=\"elementor-heading-title elementor-size-default\">Vil du h\u00f8re mere om vores vurderingsrapporter?<\/h4>\t\t\t\t<\/div>\n\t\t\t\t<\/div>\n\t\t\t\t<div class=\"elementor-element elementor-element-fdb8c62 elementor-align-center elementor-widget elementor-widget-button\" data-id=\"fdb8c62\" data-element_type=\"widget\" data-widget_type=\"button.default\">\n\t\t\t\t<div class=\"elementor-widget-container\">\n\t\t\t\t\t\t\t\t\t<div class=\"elementor-button-wrapper\">\n\t\t\t\t\t<a class=\"elementor-button elementor-button-link elementor-size-sm elementor-animation-grow\" href=\"https:\/\/pherhverv.dk\/index.php\/kontakt\/\">\n\t\t\t\t\t\t<span class=\"elementor-button-content-wrapper\">\n\t\t\t\t\t\t\t\t\t<span class=\"elementor-button-text\">KONTAKT<\/span>\n\t\t\t\t\t<\/span>\n\t\t\t\t\t<\/a>\n\t\t\t\t<\/div>\n\t\t\t\t\t\t\t\t<\/div>\n\t\t\t\t<\/div>\n\t\t\t\t\t<\/div>\n\t\t<\/div>\n\t\t\t\t\t<\/div>\n\t\t<\/section>\n\t\t\t\t<section class=\"elementor-section elementor-top-section elementor-element elementor-element-8b7613a elementor-section-boxed elementor-section-height-default elementor-section-height-default\" data-id=\"8b7613a\" data-element_type=\"section\">\n\t\t\t\t\t\t<div class=\"elementor-container elementor-column-gap-default\">\n\t\t\t\t\t<div class=\"elementor-column elementor-col-100 elementor-top-column elementor-element elementor-element-e0897f2\" data-id=\"e0897f2\" data-element_type=\"column\">\n\t\t\t<div class=\"elementor-widget-wrap elementor-element-populated\">\n\t\t\t\t\t\t<div class=\"elementor-element elementor-element-6366431 elementor-widget__width-initial elementor-widget-divider--view-line elementor-widget elementor-widget-divider\" data-id=\"6366431\" data-element_type=\"widget\" data-widget_type=\"divider.default\">\n\t\t\t\t<div class=\"elementor-widget-container\">\n\t\t\t\t\t\t\t<div class=\"elementor-divider\">\n\t\t\t<span class=\"elementor-divider-separator\">\n\t\t\t\t\t\t<\/span>\n\t\t<\/div>\n\t\t\t\t\t\t<\/div>\n\t\t\t\t<\/div>\n\t\t\t\t\t<\/div>\n\t\t<\/div>\n\t\t\t\t\t<\/div>\n\t\t<\/section>\n\t\t\t\t<\/div>\n\t\t","protected":false},"excerpt":{"rendered":"<p>Vurderings-rapporter PH Erhverv tilbyder udarbejdelse af detaljerede vurderingsrapporter for andelsboligforeninger, som sikrer en grundig og retvisende vurdering af andelens v\u00e6rdi. Vores vurdering omfatter forbedringer if\u00f8lge andelshaverens oplysninger, og vi gennemg\u00e5r her eventuelle fejl, mangler og vedligeholdelsesbehov samt vurderer det eventuelle l\u00f8s\u00f8re, der skal indg\u00e5 i handlen. Vi sikrer, at alle forbedringer bliver korrekt opgjort, og [&hellip;]<\/p>\n","protected":false},"author":1,"featured_media":0,"parent":0,"menu_order":0,"comment_status":"closed","ping_status":"closed","template":"elementor_header_footer","meta":{"footnotes":""},"class_list":["post-1418","page","type-page","status-publish","hentry"],"yoast_head":"<!-- This site is optimized with the Yoast SEO plugin v24.9 - https:\/\/yoast.com\/wordpress\/plugins\/seo\/ -->\n<title>Vurderingsrapporter - PH Erhverv<\/title>\n<meta name=\"robots\" content=\"index, follow, max-snippet:-1, max-image-preview:large, max-video-preview:-1\" \/>\n<link rel=\"canonical\" href=\"https:\/\/pherhverv.dk\/index.php\/vurderings-rapporter\/\" \/>\n<meta property=\"og:locale\" content=\"en_US\" \/>\n<meta property=\"og:type\" content=\"article\" \/>\n<meta property=\"og:title\" content=\"Vurderingsrapporter - PH Erhverv\" \/>\n<meta property=\"og:description\" content=\"Vurderings-rapporter PH Erhverv tilbyder udarbejdelse af detaljerede vurderingsrapporter for andelsboligforeninger, som sikrer en grundig og retvisende vurdering af andelens v\u00e6rdi. Vores vurdering omfatter forbedringer if\u00f8lge andelshaverens oplysninger, og vi gennemg\u00e5r her eventuelle fejl, mangler og vedligeholdelsesbehov samt vurderer det eventuelle l\u00f8s\u00f8re, der skal indg\u00e5 i handlen. Vi sikrer, at alle forbedringer bliver korrekt opgjort, og [&hellip;]\" \/>\n<meta property=\"og:url\" content=\"https:\/\/pherhverv.dk\/index.php\/vurderings-rapporter\/\" \/>\n<meta property=\"og:site_name\" content=\"PH Erhverv\" \/>\n<meta property=\"article:modified_time\" content=\"2024-11-03T08:47:57+00:00\" \/>\n<meta property=\"og:image\" content=\"https:\/\/pherhverv.dk\/wp-content\/uploads\/2024\/10\/Vurderingsrapport-1-scaled.jpg\" \/>\n\t<meta property=\"og:image:width\" content=\"2560\" \/>\n\t<meta property=\"og:image:height\" content=\"1878\" \/>\n\t<meta property=\"og:image:type\" content=\"image\/jpeg\" \/>\n<meta name=\"twitter:card\" content=\"summary_large_image\" \/>\n<meta name=\"twitter:label1\" content=\"Est. reading time\" \/>\n\t<meta name=\"twitter:data1\" content=\"1 minute\" \/>\n<script type=\"application\/ld+json\" class=\"yoast-schema-graph\">{\"@context\":\"https:\/\/schema.org\",\"@graph\":[{\"@type\":\"WebPage\",\"@id\":\"https:\/\/pherhverv.dk\/index.php\/vurderings-rapporter\/\",\"url\":\"https:\/\/pherhverv.dk\/index.php\/vurderings-rapporter\/\",\"name\":\"Vurderingsrapporter - PH Erhverv\",\"isPartOf\":{\"@id\":\"https:\/\/pherhverv.dk\/#website\"},\"primaryImageOfPage\":{\"@id\":\"https:\/\/pherhverv.dk\/index.php\/vurderings-rapporter\/#primaryimage\"},\"image\":{\"@id\":\"https:\/\/pherhverv.dk\/index.php\/vurderings-rapporter\/#primaryimage\"},\"thumbnailUrl\":\"https:\/\/pherhverv.dk\/wp-content\/uploads\/2024\/10\/Vurderingsrapport-1-1024x751.jpg\",\"datePublished\":\"2024-10-17T08:51:11+00:00\",\"dateModified\":\"2024-11-03T08:47:57+00:00\",\"breadcrumb\":{\"@id\":\"https:\/\/pherhverv.dk\/index.php\/vurderings-rapporter\/#breadcrumb\"},\"inLanguage\":\"en-US\",\"potentialAction\":[{\"@type\":\"ReadAction\",\"target\":[\"https:\/\/pherhverv.dk\/index.php\/vurderings-rapporter\/\"]}]},{\"@type\":\"ImageObject\",\"inLanguage\":\"en-US\",\"@id\":\"https:\/\/pherhverv.dk\/index.php\/vurderings-rapporter\/#primaryimage\",\"url\":\"https:\/\/pherhverv.dk\/wp-content\/uploads\/2024\/10\/Vurderingsrapport-1-scaled.jpg\",\"contentUrl\":\"https:\/\/pherhverv.dk\/wp-content\/uploads\/2024\/10\/Vurderingsrapport-1-scaled.jpg\",\"width\":2560,\"height\":1878,\"caption\":\"Over shoulder view of two businessmen at office desk pointing at paperwork\"},{\"@type\":\"BreadcrumbList\",\"@id\":\"https:\/\/pherhverv.dk\/index.php\/vurderings-rapporter\/#breadcrumb\",\"itemListElement\":[{\"@type\":\"ListItem\",\"position\":1,\"name\":\"Home\",\"item\":\"https:\/\/pherhverv.dk\/\"},{\"@type\":\"ListItem\",\"position\":2,\"name\":\"Vurderingsrapporter\"}]},{\"@type\":\"WebSite\",\"@id\":\"https:\/\/pherhverv.dk\/#website\",\"url\":\"https:\/\/pherhverv.dk\/\",\"name\":\"PH Erhverv\",\"description\":\"Pr\u00e6cise valuarvurderinger\",\"publisher\":{\"@id\":\"https:\/\/pherhverv.dk\/#organization\"},\"potentialAction\":[{\"@type\":\"SearchAction\",\"target\":{\"@type\":\"EntryPoint\",\"urlTemplate\":\"https:\/\/pherhverv.dk\/?s={search_term_string}\"},\"query-input\":{\"@type\":\"PropertyValueSpecification\",\"valueRequired\":true,\"valueName\":\"search_term_string\"}}],\"inLanguage\":\"en-US\"},{\"@type\":\"Organization\",\"@id\":\"https:\/\/pherhverv.dk\/#organization\",\"name\":\"PH Erhverv\",\"url\":\"https:\/\/pherhverv.dk\/\",\"logo\":{\"@type\":\"ImageObject\",\"inLanguage\":\"en-US\",\"@id\":\"https:\/\/pherhverv.dk\/#\/schema\/logo\/image\/\",\"url\":\"https:\/\/pherhverv.dk\/wp-content\/uploads\/2022\/08\/ph_logo-1-e1664365326213.png\",\"contentUrl\":\"https:\/\/pherhverv.dk\/wp-content\/uploads\/2022\/08\/ph_logo-1-e1664365326213.png\",\"width\":200,\"height\":133,\"caption\":\"PH Erhverv\"},\"image\":{\"@id\":\"https:\/\/pherhverv.dk\/#\/schema\/logo\/image\/\"}}]}<\/script>\n<!-- \/ Yoast SEO plugin. -->","yoast_head_json":{"title":"Vurderingsrapporter - PH Erhverv","robots":{"index":"index","follow":"follow","max-snippet":"max-snippet:-1","max-image-preview":"max-image-preview:large","max-video-preview":"max-video-preview:-1"},"canonical":"https:\/\/pherhverv.dk\/index.php\/vurderings-rapporter\/","og_locale":"en_US","og_type":"article","og_title":"Vurderingsrapporter - PH Erhverv","og_description":"Vurderings-rapporter PH Erhverv tilbyder udarbejdelse af detaljerede vurderingsrapporter for andelsboligforeninger, som sikrer en grundig og retvisende vurdering af andelens v\u00e6rdi. Vores vurdering omfatter forbedringer if\u00f8lge andelshaverens oplysninger, og vi gennemg\u00e5r her eventuelle fejl, mangler og vedligeholdelsesbehov samt vurderer det eventuelle l\u00f8s\u00f8re, der skal indg\u00e5 i handlen. Vi sikrer, at alle forbedringer bliver korrekt opgjort, og [&hellip;]","og_url":"https:\/\/pherhverv.dk\/index.php\/vurderings-rapporter\/","og_site_name":"PH Erhverv","article_modified_time":"2024-11-03T08:47:57+00:00","og_image":[{"width":2560,"height":1878,"url":"https:\/\/pherhverv.dk\/wp-content\/uploads\/2024\/10\/Vurderingsrapport-1-scaled.jpg","type":"image\/jpeg"}],"twitter_card":"summary_large_image","twitter_misc":{"Est. reading time":"1 minute"},"schema":{"@context":"https:\/\/schema.org","@graph":[{"@type":"WebPage","@id":"https:\/\/pherhverv.dk\/index.php\/vurderings-rapporter\/","url":"https:\/\/pherhverv.dk\/index.php\/vurderings-rapporter\/","name":"Vurderingsrapporter - PH Erhverv","isPartOf":{"@id":"https:\/\/pherhverv.dk\/#website"},"primaryImageOfPage":{"@id":"https:\/\/pherhverv.dk\/index.php\/vurderings-rapporter\/#primaryimage"},"image":{"@id":"https:\/\/pherhverv.dk\/index.php\/vurderings-rapporter\/#primaryimage"},"thumbnailUrl":"https:\/\/pherhverv.dk\/wp-content\/uploads\/2024\/10\/Vurderingsrapport-1-1024x751.jpg","datePublished":"2024-10-17T08:51:11+00:00","dateModified":"2024-11-03T08:47:57+00:00","breadcrumb":{"@id":"https:\/\/pherhverv.dk\/index.php\/vurderings-rapporter\/#breadcrumb"},"inLanguage":"en-US","potentialAction":[{"@type":"ReadAction","target":["https:\/\/pherhverv.dk\/index.php\/vurderings-rapporter\/"]}]},{"@type":"ImageObject","inLanguage":"en-US","@id":"https:\/\/pherhverv.dk\/index.php\/vurderings-rapporter\/#primaryimage","url":"https:\/\/pherhverv.dk\/wp-content\/uploads\/2024\/10\/Vurderingsrapport-1-scaled.jpg","contentUrl":"https:\/\/pherhverv.dk\/wp-content\/uploads\/2024\/10\/Vurderingsrapport-1-scaled.jpg","width":2560,"height":1878,"caption":"Over shoulder view of two businessmen at office desk pointing at paperwork"},{"@type":"BreadcrumbList","@id":"https:\/\/pherhverv.dk\/index.php\/vurderings-rapporter\/#breadcrumb","itemListElement":[{"@type":"ListItem","position":1,"name":"Home","item":"https:\/\/pherhverv.dk\/"},{"@type":"ListItem","position":2,"name":"Vurderingsrapporter"}]},{"@type":"WebSite","@id":"https:\/\/pherhverv.dk\/#website","url":"https:\/\/pherhverv.dk\/","name":"PH Erhverv","description":"Pr\u00e6cise valuarvurderinger","publisher":{"@id":"https:\/\/pherhverv.dk\/#organization"},"potentialAction":[{"@type":"SearchAction","target":{"@type":"EntryPoint","urlTemplate":"https:\/\/pherhverv.dk\/?s={search_term_string}"},"query-input":{"@type":"PropertyValueSpecification","valueRequired":true,"valueName":"search_term_string"}}],"inLanguage":"en-US"},{"@type":"Organization","@id":"https:\/\/pherhverv.dk\/#organization","name":"PH Erhverv","url":"https:\/\/pherhverv.dk\/","logo":{"@type":"ImageObject","inLanguage":"en-US","@id":"https:\/\/pherhverv.dk\/#\/schema\/logo\/image\/","url":"https:\/\/pherhverv.dk\/wp-content\/uploads\/2022\/08\/ph_logo-1-e1664365326213.png","contentUrl":"https:\/\/pherhverv.dk\/wp-content\/uploads\/2022\/08\/ph_logo-1-e1664365326213.png","width":200,"height":133,"caption":"PH Erhverv"},"image":{"@id":"https:\/\/pherhverv.dk\/#\/schema\/logo\/image\/"}}]}},"_links":{"self":[{"href":"https:\/\/pherhverv.dk\/index.php\/wp-json\/wp\/v2\/pages\/1418","targetHints":{"allow":["GET"]}}],"collection":[{"href":"https:\/\/pherhverv.dk\/index.php\/wp-json\/wp\/v2\/pages"}],"about":[{"href":"https:\/\/pherhverv.dk\/index.php\/wp-json\/wp\/v2\/types\/page"}],"author":[{"embeddable":true,"href":"https:\/\/pherhverv.dk\/index.php\/wp-json\/wp\/v2\/users\/1"}],"replies":[{"embeddable":true,"href":"https:\/\/pherhverv.dk\/index.php\/wp-json\/wp\/v2\/comments?post=1418"}],"version-history":[{"count":24,"href":"https:\/\/pherhverv.dk\/index.php\/wp-json\/wp\/v2\/pages\/1418\/revisions"}],"predecessor-version":[{"id":1970,"href":"https:\/\/pherhverv.dk\/index.php\/wp-json\/wp\/v2\/pages\/1418\/revisions\/1970"}],"wp:attachment":[{"href":"https:\/\/pherhverv.dk\/index.php\/wp-json\/wp\/v2\/media?parent=1418"}],"curies":[{"name":"wp","href":"https:\/\/api.w.org\/{rel}","templated":true}]}}